{"id":1062,"date":"2021-04-13T12:40:52","date_gmt":"2021-04-13T11:40:52","guid":{"rendered":"http:\/\/www.scennerich.de\/?page_id=1062"},"modified":"2024-09-23T07:37:04","modified_gmt":"2024-09-23T06:37:04","slug":"alte-herren","status":"publish","type":"page","link":"https:\/\/www.scennerich.de\/?page_id=1062","title":{"rendered":"Fu\u00dfball &#8211; Alte Herren\/Gehfu\u00dfball"},"content":{"rendered":"<p style=\"text-align: left;\">Die Alten Herren bestehen seit 42 Jahren. Im Moment haben wir 46 Mitglieder. Au\u00dfer Fu\u00dfball spielen unternehmen wir Ausfl\u00fcge, gehen Kegeln, machen Wanderungen und boulen auf unserer Anlage neben dem Tennisplatz.<\/p>\n<p style=\"text-align: left;\"><strong>Donnerstags spielen wir im Ennericher B\u00fcrgerhaus von 19.00\u00a0 bis 20.30 Uhr Fu\u00dfball-Tennis. Ab dem 01.05. bis ca. Ende September spielen wir, wenn es das Wetter erlaubt, auf der Au\u00dfenanlage des 3. Tennisplatzes.\u00a0<\/strong><\/p>\n<p style=\"text-align: left;\"><em>Wer Interesse hat an unserer Truppe hat bitte melden bei: Hans Arbter 06482 1740<\/em><\/p>\n<p><strong>WICHTIG:<\/strong> Die Austragungsorte der Heimspiele sind bei den Ansprechpartnern zu hinterfragen. Wann die Heimspiele in Ennerich ausgetragen werden k\u00f6nnen, ist von der Bespielbarkeit des Platzes abh\u00e4ngig.<\/p>\n<p style=\"text-align: left;\">\n<p style=\"text-align: left;\"><a href=\"https:\/\/www.scennerich.de\/wp-content\/uploads\/IMG_2860.jpg\"><img loading=\"lazy\" class=\"aligncenter wp-image-5208 size-full\" src=\"https:\/\/www.scennerich.de\/wp-content\/uploads\/IMG_2860.jpg\" alt=\"IMG_2860\" width=\"720\" height=\"480\" srcset=\"https:\/\/www.scennerich.de\/wp-content\/uploads\/IMG_2860.jpg 720w, https:\/\/www.scennerich.de\/wp-content\/uploads\/IMG_2860-300x200.jpg 300w\" sizes=\"(max-width: 720px) 100vw, 720px\" \/><\/a><\/p>\n<p>\u00a0<strong>Abteilungsleiter:\u00a0 \u00a0 \u00a0Thomas Krenzer<\/strong><strong> ,\u00a0 0170 8557004<\/strong><\/p>\n<p><strong>Koordinator:\u00a0 \u00a0 \u00a0 \u00a0 \u00a0 \u00a0 \u00a0 Jan Lauer,\u00a0 \u00a0 \u00a0 \u00a0 \u00a0 \u00a0 \u00a0 \u00a0 0174 9338188\u00a0 \u00a0 \u00a0 \u00a0 \u00a0 \u00a0 \u00a0 \u00a0 \u00a0 \u00a0 \u00a0 \u00a0 \u00a0 \u00a0 \u00a0 \u00a0 \u00a0 \u00a0 \u00a0 \u00a0 \u00a0 \u00a0 \u00a0 \u00a0 \u00a0 \u00a0 \u00a0 \u00a0 \u00a0 \u00a0 \u00a0 \u00a0 \u00a0 \u00a0 \u00a0 \u00a0 \u00a0 \u00a0 \u00a0 \u00a0 \u00a0 \u00a0 \u00a0 \u00a0 \u00a0 \u00a0 \u00a0 \u00a0 \u00a0 \u00a0 \u00a0 \u00a0 \u00a0 \u00a0 \u00a0 \u00a0 \u00a0 \u00a0 \u00a0 \u00a0 \u00a0 \u00a0 \u00a0 \u00a0 \u00a0 <\/strong><\/p>\n<p><strong>Kassenwart:\u00a0 \u00a0 \u00a0 \u00a0 \u00a0 \u00a0 \u00a0 R\u00fcdiger Ackermann\u00a0 \u00a0 \u00a0 \u00a0 \u00a0 \u00a0 \u00a0 \u00a0 \u00a0 \u00a0 \u00a0 \u00a0 \u00a0 \u00a0 \u00a0 \u00a0 \u00a0 \u00a0 \u00a0 \u00a0 \u00a0 \u00a0 \u00a0 \u00a0 \u00a0 \u00a0 \u00a0 \u00a0 \u00a0 \u00a0 \u00a0 \u00a0 \u00a0 \u00a0 \u00a0 \u00a0 \u00a0 \u00a0 \u00a0 \u00a0 \u00a0 \u00a0 \u00a0 \u00a0 \u00a0 \u00a0 \u00a0 \u00a0 \u00a0 \u00a0 \u00a0 \u00a0 \u00a0 \u00a0 \u00a0 \u00a0 \u00a0 \u00a0 \u00a0 \u00a0 \u00a0 \u00a0\u00a0<\/strong><\/p>\n<p><strong>Schriftf\u00fchrer:\u00a0 \u00a0 \u00a0 \u00a0 \u00a0 \u00a0Johannes Ruttmann\u00a0 \u00a0 \u00a0 \u00a0 \u00a0 \u00a0 \u00a0 \u00a0 \u00a0 \u00a0 \u00a0 \u00a0 \u00a0 \u00a0 \u00a0 \u00a0 \u00a0 \u00a0 \u00a0 \u00a0 \u00a0 \u00a0 \u00a0 \u00a0 \u00a0 \u00a0 \u00a0 \u00a0 \u00a0 \u00a0 \u00a0 \u00a0 \u00a0 \u00a0 \u00a0 \u00a0 \u00a0 \u00a0 \u00a0 \u00a0 \u00a0 \u00a0 \u00a0 \u00a0 \u00a0 \u00a0 \u00a0 \u00a0 \u00a0 \u00a0 \u00a0 \u00a0 \u00a0 \u00a0 \u00a0 \u00a0 \u00a0 \u00a0 \u00a0 \u00a0 \u00a0 \u00a0 \u00a0\u00a0<\/strong><\/p>\n","protected":false},"excerpt":{"rendered":"<p>Die Alten Herren bestehen seit 42 Jahren. Im Moment haben wir 46 Mitglieder. Au\u00dfer Fu\u00dfball spielen unternehmen wir Ausfl\u00fcge, gehen Kegeln, machen Wanderungen und boulen<\/p>\n","protected":false},"author":19,"featured_media":0,"parent":0,"menu_order":0,"comment_status":"closed","ping_status":"closed","template":"","meta":[],"_links":{"self":[{"href":"https:\/\/www.scennerich.de\/index.php?rest_route=\/wp\/v2\/pages\/1062"}],"collection":[{"href":"https:\/\/www.scennerich.de\/index.php?rest_route=\/wp\/v2\/pages"}],"about":[{"href":"https:\/\/www.scennerich.de\/index.php?rest_route=\/wp\/v2\/types\/page"}],"author":[{"embeddable":true,"href":"https:\/\/www.scennerich.de\/index.php?rest_route=\/wp\/v2\/users\/19"}],"replies":[{"embeddable":true,"href":"https:\/\/www.scennerich.de\/index.php?rest_route=%2Fwp%2Fv2%2Fcomments&post=1062"}],"version-history":[{"count":18,"href":"https:\/\/www.scennerich.de\/index.php?rest_route=\/wp\/v2\/pages\/1062\/revisions"}],"predecessor-version":[{"id":6893,"href":"https:\/\/www.scennerich.de\/index.php?rest_route=\/wp\/v2\/pages\/1062\/revisions\/6893"}],"wp:attachment":[{"href":"https:\/\/www.scennerich.de\/index.php?rest_route=%2Fwp%2Fv2%2Fmedia&parent=1062"}],"curies":[{"name":"wp","href":"https:\/\/api.w.org\/{rel}","templated":true}]}}