{"id":203,"date":"2010-05-27T10:45:48","date_gmt":"2010-05-27T09:45:48","guid":{"rendered":"http:\/\/www.scennerich.de\/?page_id=203"},"modified":"2022-07-13T15:24:27","modified_gmt":"2022-07-13T14:24:27","slug":"anfahrt","status":"publish","type":"page","link":"https:\/\/www.scennerich.de\/?page_id=203","title":{"rendered":"Vereinsinfos &#8211; Anfahrt"},"content":{"rendered":"<p><strong>Anfahrt von Runkel:<\/strong><br \/>\nSie befahren die Landstra\u00dfe von Runkel in Richtung Ennerich. Kurz bevor Sie in Ennerich einfahren, befindet sich zur rechten Hand ein Feldweg. Diese Ausfahrt befindet sich im oberen Teil einer absch\u00fcssigen Stra\u00dfe. Dieses Feldweg ist asphaltiert und nach ca. 400m gelangen Sie zum Sportplatz.<\/p>\n<p><strong>Anfahrt von Limburg:<\/strong><br \/>\nVon Limburg aus fahren Sie in Richtung Eschhofen. Wenn Sie in Eschhofen einfahren, dann befinden Sie sich schon auf der richtigen Stra\u00dfe. Folgen Sie dem Stra\u00dfenverlauf bis Ennerich. Im Ort angekommen passieren Sie erst eine Br\u00fccke und dann eine Autowerkstatt. Die Stra\u00dfe wird nach einem scharfen Rechtsknick sehr steil. Bevor Sie Ennerich verlassen, sehen Sie auf der linken Seite einen asphaltierten Feldweg an dem auch ein Schild auf dem Sportplatz verweist. Dieser Weg f\u00fchrt nach 400m direkt zum Sportplatz.<\/p>\n<p>&nbsp;<\/p>\n<p><a href=\"http:\/\/maps.google.de\/maps?f=q&amp;source=s_q&amp;hl=de&amp;geocode=&amp;q=ennerich,+hessen&amp;sll=51.454007,10.415039&amp;sspn=19.10744,37.485352&amp;ie=UTF8&amp;hq=&amp;hnear=Ennerich+Runkel,+Limburg-Weilburg,+Hessen&amp;t=h&amp;z=15\" target=\"_blank\" rel=\"noopener\"><br \/>\n<\/a><\/p>\n","protected":false},"excerpt":{"rendered":"<p>Anfahrt von Runkel: Sie befahren die Landstra\u00dfe von Runkel in Richtung Ennerich. Kurz bevor Sie in Ennerich einfahren, befindet sich zur rechten Hand ein Feldweg.<\/p>\n","protected":false},"author":12,"featured_media":0,"parent":0,"menu_order":0,"comment_status":"closed","ping_status":"closed","template":"","meta":[],"_links":{"self":[{"href":"https:\/\/www.scennerich.de\/index.php?rest_route=\/wp\/v2\/pages\/203"}],"collection":[{"href":"https:\/\/www.scennerich.de\/index.php?rest_route=\/wp\/v2\/pages"}],"about":[{"href":"https:\/\/www.scennerich.de\/index.php?rest_route=\/wp\/v2\/types\/page"}],"author":[{"embeddable":true,"href":"https:\/\/www.scennerich.de\/index.php?rest_route=\/wp\/v2\/users\/12"}],"replies":[{"embeddable":true,"href":"https:\/\/www.scennerich.de\/index.php?rest_route=%2Fwp%2Fv2%2Fcomments&post=203"}],"version-history":[{"count":1,"href":"https:\/\/www.scennerich.de\/index.php?rest_route=\/wp\/v2\/pages\/203\/revisions"}],"predecessor-version":[{"id":6681,"href":"https:\/\/www.scennerich.de\/index.php?rest_route=\/wp\/v2\/pages\/203\/revisions\/6681"}],"wp:attachment":[{"href":"https:\/\/www.scennerich.de\/index.php?rest_route=%2Fwp%2Fv2%2Fmedia&parent=203"}],"curies":[{"name":"wp","href":"https:\/\/api.w.org\/{rel}","templated":true}]}}