{"id":2945,"date":"2013-09-30T19:48:35","date_gmt":"2013-09-30T18:48:35","guid":{"rendered":"http:\/\/www.scennerich.de\/?page_id=2945"},"modified":"2016-12-20T12:16:00","modified_gmt":"2016-12-20T11:16:00","slug":"sce-ladies","status":"publish","type":"page","link":"https:\/\/www.scennerich.de\/?page_id=2945","title":{"rendered":"SCE-Ladies"},"content":{"rendered":"<p>Der an einem Kirmes-Fr\u00fchschoppen entstandene Gedanke, eine Damen-Abteilung zu gr\u00fcnden, wurde im Februar 1977 in die Tat umgesetzt.<br \/>\nSeither treffen wir uns jeden Donnerstag ,\u00a0 anfangs in der Runkeler Turnhalle, dann im Ennericher B\u00fcrgerhaus zu Sport, Spiel, Spa\u00df und geselligem Beisammensein.<br \/>\nAls\u00a0 erstes war Renate Machoi unsere \u00dcbungsleiterin, die dann 1982 das Amt an Heike Wollweber, jetzt Horn, \u00fcbergab. Die Zeiten der \u00dcbungsstunden\u00a0 sind w\u00e4hrend dieser Zeit immer gleich geblieben: Donnerstags 20.30 bis 22.00Uhr<br \/>\n<strong>Gerne begr\u00fc\u00dfen wir neue Damen in unserer Runde!<\/strong><br \/>\n<strong>Anprechpartnerin: Heike Horn<\/strong><\/p>\n<p><strong>Abteilungsleiterin:<\/strong><\/p>\n<p>Heike Horn<br \/>\nHainbuchenstr. 4<br \/>\n65597 H\u00fcnfelden-Kirberg<br \/>\nTel.: \u00a0 \u00a0\u00a0\u00a0 06438 5466<br \/>\nMobil: \u00a0 0151 12801823<br \/>\ne-mail: \u00a0 mahehorn@web.de<\/p>\n<p>\u00dcbungszeiten: Donnerstag, 20.30 bis 22.00 Uhr im B\u00fcrgerhaus Ennerich<\/p>\n<figure id=\"attachment_4866\" aria-describedby=\"caption-attachment-4866\" style=\"width: 640px\" class=\"wp-caption aligncenter\"><a href=\"https:\/\/www.scennerich.de\/wp-content\/uploads\/29.07.2011-023b-Kopie-mittelklein.jpg\"><img loading=\"lazy\" class=\"size-large wp-image-4866\" src=\"https:\/\/www.scennerich.de\/wp-content\/uploads\/29.07.2011-023b-Kopie-mittelklein-1024x768.jpg\" alt=\"Die Ladies 2015\" width=\"640\" height=\"480\" srcset=\"https:\/\/www.scennerich.de\/wp-content\/uploads\/29.07.2011-023b-Kopie-mittelklein-1024x768.jpg 1024w, https:\/\/www.scennerich.de\/wp-content\/uploads\/29.07.2011-023b-Kopie-mittelklein-300x225.jpg 300w, https:\/\/www.scennerich.de\/wp-content\/uploads\/29.07.2011-023b-Kopie-mittelklein.jpg 1536w\" sizes=\"(max-width: 640px) 100vw, 640px\" \/><\/a><figcaption id=\"caption-attachment-4866\" class=\"wp-caption-text\">Die Ladies 2015<\/figcaption><\/figure>\n","protected":false},"excerpt":{"rendered":"<p>Der an einem Kirmes-Fr\u00fchschoppen entstandene Gedanke, eine Damen-Abteilung zu gr\u00fcnden, wurde im Februar 1977 in die Tat umgesetzt. Seither treffen wir uns jeden Donnerstag ,\u00a0<\/p>\n","protected":false},"author":12,"featured_media":0,"parent":0,"menu_order":0,"comment_status":"closed","ping_status":"closed","template":"","meta":[],"_links":{"self":[{"href":"https:\/\/www.scennerich.de\/index.php?rest_route=\/wp\/v2\/pages\/2945"}],"collection":[{"href":"https:\/\/www.scennerich.de\/index.php?rest_route=\/wp\/v2\/pages"}],"about":[{"href":"https:\/\/www.scennerich.de\/index.php?rest_route=\/wp\/v2\/types\/page"}],"author":[{"embeddable":true,"href":"https:\/\/www.scennerich.de\/index.php?rest_route=\/wp\/v2\/users\/12"}],"replies":[{"embeddable":true,"href":"https:\/\/www.scennerich.de\/index.php?rest_route=%2Fwp%2Fv2%2Fcomments&post=2945"}],"version-history":[{"count":3,"href":"https:\/\/www.scennerich.de\/index.php?rest_route=\/wp\/v2\/pages\/2945\/revisions"}],"predecessor-version":[{"id":4867,"href":"https:\/\/www.scennerich.de\/index.php?rest_route=\/wp\/v2\/pages\/2945\/revisions\/4867"}],"wp:attachment":[{"href":"https:\/\/www.scennerich.de\/index.php?rest_route=%2Fwp%2Fv2%2Fmedia&parent=2945"}],"curies":[{"name":"wp","href":"https:\/\/api.w.org\/{rel}","templated":true}]}}