{"id":538,"date":"2021-04-13T10:46:53","date_gmt":"2021-04-13T09:46:53","guid":{"rendered":"http:\/\/www.scennerich.de\/?page_id=538"},"modified":"2025-08-09T08:59:24","modified_gmt":"2025-08-09T07:59:24","slug":"tennis","status":"publish","type":"page","link":"https:\/\/www.scennerich.de\/?page_id=538","title":{"rendered":"Tennis &#8211; \u00dcbersicht und Belegungsplan"},"content":{"rendered":"<p style=\"text-align: left;\"><strong>Abteilungsleiter<\/strong>: Sven Adolphs<\/p>\n<p style=\"text-align: left;\">Mobil: 0178-8252326, Mail: <a href=\"mailto:gunter.lauer@unitybox.de\" target=\"_blank\" rel=\"noopener noreferrer\">scetennis@gmx.de<\/a><\/p>\n<p><strong>Schriftf\u00fchrer und stellvertretender Abteilungsleiter:<\/strong>\u00a0 Markus B\u00e4renf\u00e4nger<\/p>\n<p><strong>Kassierin und Sportwartin:<\/strong> Nadine Neuroth<\/p>\n<p><strong>Platzwart:<\/strong> Dietmar Stern<strong><\/p>\n<p><\/strong><\/p>\n<p style=\"font-weight: 400;\">Es gibt nun au\u00dfer den Alten Herren und der Damen Gruppe eine neue M\u00e4nner Gruppe die derzeit ca. 15 Mann stark ist und aktuell 2 x pro Woche spielt.<\/p>\n<p style=\"font-weight: 400;\">Es sind immer ca 6-9 Mann im Alter von 23 bis 51 Jahren vor Ort. Viele sind Anf\u00e4nger.e<\/p>\n<p style=\"font-weight: 400;\">Wer Lust hat kann nat\u00fcrlich jederzeit noch dazu sto\u00dfen.<\/p>\n<p><a href=\"https:\/\/www.scennerich.de\/wp-content\/uploads\/Bildschirmfoto-2025-08-09-um-09.59.30.png\"><img loading=\"lazy\" class=\"alignnone size-medium wp-image-6938\" src=\"https:\/\/www.scennerich.de\/wp-content\/uploads\/Bildschirmfoto-2025-08-09-um-09.59.30-300x164.png\" alt=\"\" width=\"300\" height=\"164\" srcset=\"https:\/\/www.scennerich.de\/wp-content\/uploads\/Bildschirmfoto-2025-08-09-um-09.59.30-300x164.png 300w, https:\/\/www.scennerich.de\/wp-content\/uploads\/Bildschirmfoto-2025-08-09-um-09.59.30-1024x559.png 1024w, https:\/\/www.scennerich.de\/wp-content\/uploads\/Bildschirmfoto-2025-08-09-um-09.59.30-768x420.png 768w, https:\/\/www.scennerich.de\/wp-content\/uploads\/Bildschirmfoto-2025-08-09-um-09.59.30-1536x839.png 1536w, https:\/\/www.scennerich.de\/wp-content\/uploads\/Bildschirmfoto-2025-08-09-um-09.59.30-2048x1119.png 2048w\" sizes=\"(max-width: 300px) 100vw, 300px\" \/><\/a><br \/>\n<a href=\"https:\/\/www.scennerich.de\/wp-content\/uploads\/Belegungsplan-Tennis-2.pdf\">Belegungsplan Tennis-2<\/a><\/p>\n<p><strong>\u00a0<\/strong><\/p>\n","protected":false},"excerpt":{"rendered":"<p>Abteilungsleiter: Sven Adolphs Mobil: 0178-8252326, Mail: scetennis@gmx.de Schriftf\u00fchrer und stellvertretender Abteilungsleiter:\u00a0 Markus B\u00e4renf\u00e4nger Kassierin und Sportwartin: Nadine Neuroth Platzwart: Dietmar Stern Es gibt nun au\u00dfer<\/p>\n","protected":false},"author":19,"featured_media":0,"parent":0,"menu_order":0,"comment_status":"closed","ping_status":"closed","template":"","meta":[],"_links":{"self":[{"href":"https:\/\/www.scennerich.de\/index.php?rest_route=\/wp\/v2\/pages\/538"}],"collection":[{"href":"https:\/\/www.scennerich.de\/index.php?rest_route=\/wp\/v2\/pages"}],"about":[{"href":"https:\/\/www.scennerich.de\/index.php?rest_route=\/wp\/v2\/types\/page"}],"author":[{"embeddable":true,"href":"https:\/\/www.scennerich.de\/index.php?rest_route=\/wp\/v2\/users\/19"}],"replies":[{"embeddable":true,"href":"https:\/\/www.scennerich.de\/index.php?rest_route=%2Fwp%2Fv2%2Fcomments&post=538"}],"version-history":[{"count":19,"href":"https:\/\/www.scennerich.de\/index.php?rest_route=\/wp\/v2\/pages\/538\/revisions"}],"predecessor-version":[{"id":6940,"href":"https:\/\/www.scennerich.de\/index.php?rest_route=\/wp\/v2\/pages\/538\/revisions\/6940"}],"wp:attachment":[{"href":"https:\/\/www.scennerich.de\/index.php?rest_route=%2Fwp%2Fv2%2Fmedia&parent=538"}],"curies":[{"name":"wp","href":"https:\/\/api.w.org\/{rel}","templated":true}]}}