{"id":6869,"date":"2024-05-04T11:19:34","date_gmt":"2024-05-04T10:19:34","guid":{"rendered":"https:\/\/www.scennerich.de\/?page_id=6869"},"modified":"2025-08-09T09:10:40","modified_gmt":"2025-08-09T08:10:40","slug":"vereinsheim-mieten","status":"publish","type":"page","link":"https:\/\/www.scennerich.de\/?page_id=6869","title":{"rendered":"Vereinsheim mieten"},"content":{"rendered":"\n<p>Sie suchen nach einem einladenden Ort f\u00fcr Ihre n\u00e4chste Feier oder Veranstaltung? Dann sind Sie hier genau richtig! Unser Sportlerheim in Runkel-Ennerich steht zur Vermietung bereit und bietet Ihnen die ideale Location f\u00fcr unvergessliche Momente.<\/p>\n\n\n\n<p>Unser Vereinsheim liegt etwas au\u00dferhalb des Ortes, was bedeutet, dass Sie sich frei entfalten k\u00f6nnen, ohne sich Gedanken \u00fcber L\u00e4rm machen zu m\u00fcssen. Hier k\u00f6nnen Sie ausgelassen feiern, lachen und Spa\u00df haben, ohne Einschr\u00e4nkungen.<\/p>\n\n\n\n<p>Mit frischen Renovierungen im Innenbereich erstrahlt unser Sportlerheim in neuem Glanz und bietet Ihnen eine gem\u00fctliche Atmosph\u00e4re, die zum Verweilen einl\u00e4dt. Gro\u00dfz\u00fcgige Sitzm\u00f6glichkeiten im Au\u00dfenbereich erm\u00f6glichen es Ihnen, das sch\u00f6ne Wetter zu genie\u00dfen und die Natur um uns herum zu erleben. Und f\u00fcr alle Grillfans: Selbstverst\u00e4ndlich steht Ihnen auch die M\u00f6glichkeit zum Grillen zur Verf\u00fcgung, damit Sie Ihre Lieblingsgerichte unter freiem Himmel zubereiten k\u00f6nnen.<\/p>\n\n\n\n<p>Unser freundliches Team steht Ihnen gerne zur Verf\u00fcgung, um Ihre Fragen zu beantworten und Ihnen bei der Planung Ihres Events zu helfen. Kontaktieren Sie uns noch heute und sichern Sie sich Ihren Termin im SC Ennerich Sportlerheim!<\/p>\n\n\n\n<p>Mitglied 100\u20ac\/ Nichtmitglied 250\u20ac<br><br><\/p>\n\n\n\n<p>Das Vereinsheim, sowie das Gel\u00e4nde sind am Tag nach der Feier sauber und geputzt zu<\/p>\n\n\n\n<p>\u00dcbergeben. F\u00fcr Reinigungsarbeiten des Vereins werden 100\u20ac veranschlagt.<\/p>\n\n\n\n<p>Anfallender M\u00fcll \u00fcber 1 Sack a 60l muss mitgenommen und selbst entsorgt werden.<\/p>\n\n\n\n<p>Der Mieter hinterlegt eine Kaution in H\u00f6he von&nbsp;<strong>250\u20ac Mitglied\/400\u20ac<\/strong>&nbsp;<strong>Nichtmitglied&nbsp;<\/strong>f\u00fcr<\/p>\n\n\n\n<p>etwaige Sch\u00e4den am\/im Vereinsheim. Diese wird nach Abnahme mit der jeweiligen Miete<\/p>\n\n\n\n<p>und anfallenden Reinigung verrechnet.<\/p>\n\n\n\n<p>Sollte es zu einer Absage bis zu 10 Tagen vor Termin kommen, f\u00e4llt eine Stornogeb\u00fchr von<\/p>\n\n\n\n<p>50% der Miete an.<\/p>\n\n\n\n<p>Jugendliche unter 18 d\u00fcrfen das Vereinsheim nur unter Aufsicht eines<\/p>\n\n\n\n<p>Erziehungsberechtigten nutzen.<\/p>\n\n\n\n<p><br><br>Kontakt:<\/p>\n\n\n\n<p>sc_ennerich@web.de<\/p>\n\n\n\n<p>+49 176 559 49 234<\/p>\n","protected":false},"excerpt":{"rendered":"<p>Sie suchen nach einem einladenden Ort f\u00fcr Ihre n\u00e4chste Feier oder Veranstaltung? Dann sind Sie hier genau richtig! Unser Sportlerheim in Runkel-Ennerich steht zur Vermietung<\/p>\n","protected":false},"author":22,"featured_media":0,"parent":0,"menu_order":0,"comment_status":"closed","ping_status":"closed","template":"","meta":[],"_links":{"self":[{"href":"https:\/\/www.scennerich.de\/index.php?rest_route=\/wp\/v2\/pages\/6869"}],"collection":[{"href":"https:\/\/www.scennerich.de\/index.php?rest_route=\/wp\/v2\/pages"}],"about":[{"href":"https:\/\/www.scennerich.de\/index.php?rest_route=\/wp\/v2\/types\/page"}],"author":[{"embeddable":true,"href":"https:\/\/www.scennerich.de\/index.php?rest_route=\/wp\/v2\/users\/22"}],"replies":[{"embeddable":true,"href":"https:\/\/www.scennerich.de\/index.php?rest_route=%2Fwp%2Fv2%2Fcomments&post=6869"}],"version-history":[{"count":7,"href":"https:\/\/www.scennerich.de\/index.php?rest_route=\/wp\/v2\/pages\/6869\/revisions"}],"predecessor-version":[{"id":6943,"href":"https:\/\/www.scennerich.de\/index.php?rest_route=\/wp\/v2\/pages\/6869\/revisions\/6943"}],"wp:attachment":[{"href":"https:\/\/www.scennerich.de\/index.php?rest_route=%2Fwp%2Fv2%2Fmedia&parent=6869"}],"curies":[{"name":"wp","href":"https:\/\/api.w.org\/{rel}","templated":true}]}}